{"id":4936,"date":"2021-04-05T12:43:55","date_gmt":"2021-04-05T12:43:55","guid":{"rendered":"http:\/\/decorent.com.py\/?page_id=4936"},"modified":"2021-04-05T13:01:01","modified_gmt":"2021-04-05T13:01:01","slug":"nosotros","status":"publish","type":"page","link":"https:\/\/decorent.com.py\/index.php\/nosotros\/","title":{"rendered":"Nosotros"},"content":{"rendered":"<p>Es grato dirigirnos a Uds. con el objeto de presentarles un nuevo e innovador servicio de Le Gali\u00f3n Muebles:&nbsp;<strong>DECO RENT<\/strong>, una divisi\u00f3n especializada en&nbsp;<strong>&#8220;alquiler de muebles&#8221;<\/strong><strong>&nbsp;por temporada<\/strong>&nbsp;con Asesor\u00eda Decorativa, siempre con el personalizado estilo que caracteriza a nuestra empresa.<\/p>\n<p><strong>DECO RENT<\/strong>, constituye la soluci\u00f3n eficiente y de muy buen gusto a su necesidad de&nbsp;<strong>Amoblamiento Temporal<\/strong>, dentro de tres grandes \u00e1reas:<\/p>\n<ul>\n<li>Equipamiento para Viviendas<\/li>\n<li>Equipamiento para Oficinas<\/li>\n<li>Equipamiento para Eventos<\/li>\n<\/ul>\n<p>Siempre con el mismo respaldo, seriedad, calidad y renombre en el mercado que nos caracteriza.<\/p>\n<p>Nuestra cartera de clientes, en este rubro, incluye: Embajadas, ONG, Organismos Internacionales, Multinacionales, Corporaciones y Empresas Comerciales<\/p>\n<p>Esperando iniciar una relaci\u00f3n de trabajo beneficiosa para nuestras respectivas empresas, y en la seguridad de que sabremos responder a todas sus expectativas, le saludamos muy cordialmente.<\/p>\n","protected":false},"excerpt":{"rendered":"<p>Es grato dirigirnos a Uds. con el objeto de presentarles un nuevo e innovador servicio de Le Gali\u00f3n Muebles:&nbsp;DECO RENT, una divisi\u00f3n especializada en&nbsp;&#8220;alquiler de muebles&#8221;&nbsp;por temporada&nbsp;con Asesor\u00eda Decorativa, siempre con el personalizado estilo que caracteriza a nuestra empresa. DECO RENT, constituye la soluci\u00f3n eficiente y de muy buen gusto a su necesidad de&nbsp;Amoblamiento Temporal, &hellip; <\/p>\n<p class=\"link-more\"><a href=\"https:\/\/decorent.com.py\/index.php\/nosotros\/\" class=\"more-link\">Read More <span class=\"screen-reader-text\"> &#8220;Nosotros&#8221;<\/span><\/a><\/p>\n","protected":false},"author":1,"featured_media":0,"parent":0,"menu_order":0,"comment_status":"closed","ping_status":"closed","template":"","meta":{"footnotes":""},"class_list":["post-4936","page","type-page","status-publish","hentry"],"_links":{"self":[{"href":"https:\/\/decorent.com.py\/index.php\/wp-json\/wp\/v2\/pages\/4936","targetHints":{"allow":["GET"]}}],"collection":[{"href":"https:\/\/decorent.com.py\/index.php\/wp-json\/wp\/v2\/pages"}],"about":[{"href":"https:\/\/decorent.com.py\/index.php\/wp-json\/wp\/v2\/types\/page"}],"author":[{"embeddable":true,"href":"https:\/\/decorent.com.py\/index.php\/wp-json\/wp\/v2\/users\/1"}],"replies":[{"embeddable":true,"href":"https:\/\/decorent.com.py\/index.php\/wp-json\/wp\/v2\/comments?post=4936"}],"version-history":[{"count":6,"href":"https:\/\/decorent.com.py\/index.php\/wp-json\/wp\/v2\/pages\/4936\/revisions"}],"predecessor-version":[{"id":4954,"href":"https:\/\/decorent.com.py\/index.php\/wp-json\/wp\/v2\/pages\/4936\/revisions\/4954"}],"wp:attachment":[{"href":"https:\/\/decorent.com.py\/index.php\/wp-json\/wp\/v2\/media?parent=4936"}],"curies":[{"name":"wp","href":"https:\/\/api.w.org\/{rel}","templated":true}]}}