{"id":4944,"date":"2021-04-05T12:51:53","date_gmt":"2021-04-05T12:51:53","guid":{"rendered":"http:\/\/decorent.com.py\/?page_id=4944"},"modified":"2021-04-05T13:01:53","modified_gmt":"2021-04-05T13:01:53","slug":"quienessomos","status":"publish","type":"page","link":"https:\/\/decorent.com.py\/index.php\/quienessomos\/","title":{"rendered":"Quienes somos"},"content":{"rendered":"\t\t<div data-elementor-type=\"wp-page\" data-elementor-id=\"4944\" class=\"elementor elementor-4944\" data-elementor-settings=\"[]\">\n\t\t\t\t\t\t<div class=\"elementor-inner\">\n\t\t\t\t\t\t\t<div class=\"elementor-section-wrap\">\n\t\t\t\t\t\t\t<section class=\"elementor-section elementor-top-section elementor-element elementor-element-78f41fd elementor-section-boxed elementor-section-height-default elementor-section-height-default\" data-id=\"78f41fd\" data-element_type=\"section\">\n\t\t\t\t\t\t<div class=\"elementor-container elementor-column-gap-default\">\n\t\t\t\t\t\t\t<div class=\"elementor-row\">\n\t\t\t\t\t<div class=\"elementor-column elementor-col-100 elementor-top-column elementor-element elementor-element-4c45166\" data-id=\"4c45166\" data-element_type=\"column\">\n\t\t\t<div class=\"elementor-column-wrap elementor-element-populated\">\n\t\t\t\t\t\t\t<div class=\"elementor-widget-wrap\">\n\t\t\t\t\t\t<div class=\"elementor-element elementor-element-a4178cd elementor-widget elementor-widget-text-editor\" data-id=\"a4178cd\" data-element_type=\"widget\" data-widget_type=\"text-editor.default\">\n\t\t\t\t<div class=\"elementor-widget-container\">\n\t\t\t\t\t<div class=\"elementor-text-editor elementor-clearfix\"><h3>Redefinimos la forma de amoblar tus espacios<\/h3>\t\t\n\t\t\t<h4>Te ofrecemos soluciones f\u00e1ciles y r\u00e1pidas.<\/h4>\t\t\n\t\t<p>Somos una empresa dedicada a solucionar la necesidad de equipamiento inmediato.<\/p><p>Contamos con el respaldo y garant\u00eda de LEGALION, empresa con m\u00e1s de 50 a\u00f1os de exitosa trayectoria en el mercado nacional.<\/p><\/div>\n\t\t\t\t<\/div>\n\t\t\t\t<\/div>\n\t\t\t\t\t\t<\/div>\n\t\t\t\t\t<\/div>\n\t\t<\/div>\n\t\t\t\t\t\t\t\t<\/div>\n\t\t\t\t\t<\/div>\n\t\t<\/section>\n\t\t\t\t<section class=\"elementor-section elementor-top-section elementor-element elementor-element-13fe74f elementor-section-boxed elementor-section-height-default elementor-section-height-default\" data-id=\"13fe74f\" data-element_type=\"section\">\n\t\t\t\t\t\t<div class=\"elementor-container elementor-column-gap-default\">\n\t\t\t\t\t\t\t<div class=\"elementor-row\">\n\t\t\t\t\t<div class=\"elementor-column elementor-col-33 elementor-top-column elementor-element elementor-element-698c15b\" data-id=\"698c15b\" data-element_type=\"column\">\n\t\t\t<div class=\"elementor-column-wrap elementor-element-populated\">\n\t\t\t\t\t\t\t<div class=\"elementor-widget-wrap\">\n\t\t\t\t\t\t<div class=\"elementor-element elementor-element-77dd64e elementor-widget elementor-widget-image\" data-id=\"77dd64e\" data-element_type=\"widget\" data-widget_type=\"image.default\">\n\t\t\t\t<div class=\"elementor-widget-container\">\n\t\t\t        <div class=\"elementor-image\">\n                        <figure class=\"wp-caption\">\n                                                    <img loading=\"lazy\" decoding=\"async\" width=\"340\" height=\"380\" src=\"https:\/\/decorent.com.py\/wp-content\/uploads\/2021\/04\/betina.png\" class=\"attachment-large size-large wp-post-image\" alt=\"\" srcset=\"https:\/\/decorent.com.py\/wp-content\/uploads\/2021\/04\/betina.png 340w, https:\/\/decorent.com.py\/wp-content\/uploads\/2021\/04\/betina-300x335.png 300w, https:\/\/decorent.com.py\/wp-content\/uploads\/2021\/04\/betina-268x300.png 268w\" sizes=\"auto, (max-width: 340px) 100vw, 340px\" \/>                                                        <figcaption class=\"widget-image-caption wp-caption-text\">Arq Bettina Sosa de Da Costa\/0992817332<\/figcaption>\n                                            <\/figure>\n                <\/div>\n        \t\t<\/div>\n\t\t\t\t<\/div>\n\t\t\t\t\t\t<\/div>\n\t\t\t\t\t<\/div>\n\t\t<\/div>\n\t\t\t\t<div class=\"elementor-column elementor-col-33 elementor-top-column elementor-element elementor-element-5fca444\" data-id=\"5fca444\" data-element_type=\"column\">\n\t\t\t<div class=\"elementor-column-wrap elementor-element-populated\">\n\t\t\t\t\t\t\t<div class=\"elementor-widget-wrap\">\n\t\t\t\t\t\t<div class=\"elementor-element elementor-element-5c2b12d elementor-widget elementor-widget-image\" data-id=\"5c2b12d\" data-element_type=\"widget\" data-widget_type=\"image.default\">\n\t\t\t\t<div class=\"elementor-widget-container\">\n\t\t\t        <div class=\"elementor-image\">\n                        <figure class=\"wp-caption\">\n                                                    <img loading=\"lazy\" decoding=\"async\" width=\"340\" height=\"380\" src=\"https:\/\/decorent.com.py\/wp-content\/uploads\/2021\/04\/dacosta.png\" class=\"attachment-large size-large wp-post-image\" alt=\"\" srcset=\"https:\/\/decorent.com.py\/wp-content\/uploads\/2021\/04\/dacosta.png 340w, https:\/\/decorent.com.py\/wp-content\/uploads\/2021\/04\/dacosta-300x335.png 300w, https:\/\/decorent.com.py\/wp-content\/uploads\/2021\/04\/dacosta-268x300.png 268w\" sizes=\"auto, (max-width: 340px) 100vw, 340px\" \/>                                                        <figcaption class=\"widget-image-caption wp-caption-text\">Ing Com Albert Da Costa\/0981168030<\/figcaption>\n                                            <\/figure>\n                <\/div>\n        \t\t<\/div>\n\t\t\t\t<\/div>\n\t\t\t\t\t\t<\/div>\n\t\t\t\t\t<\/div>\n\t\t<\/div>\n\t\t\t\t<div class=\"elementor-column elementor-col-33 elementor-top-column elementor-element elementor-element-5edb9cd\" data-id=\"5edb9cd\" data-element_type=\"column\">\n\t\t\t<div class=\"elementor-column-wrap elementor-element-populated\">\n\t\t\t\t\t\t\t<div class=\"elementor-widget-wrap\">\n\t\t\t\t\t\t<div class=\"elementor-element elementor-element-4715a4e elementor-widget elementor-widget-image\" data-id=\"4715a4e\" data-element_type=\"widget\" data-widget_type=\"image.default\">\n\t\t\t\t<div class=\"elementor-widget-container\">\n\t\t\t        <div class=\"elementor-image\">\n                        <figure class=\"wp-caption\">\n                                                    <img loading=\"lazy\" decoding=\"async\" width=\"340\" height=\"380\" src=\"https:\/\/decorent.com.py\/wp-content\/uploads\/2021\/04\/fitofotocarnet.png\" class=\"attachment-large size-large wp-post-image\" alt=\"\" srcset=\"https:\/\/decorent.com.py\/wp-content\/uploads\/2021\/04\/fitofotocarnet.png 340w, https:\/\/decorent.com.py\/wp-content\/uploads\/2021\/04\/fitofotocarnet-300x335.png 300w, https:\/\/decorent.com.py\/wp-content\/uploads\/2021\/04\/fitofotocarnet-268x300.png 268w\" sizes=\"auto, (max-width: 340px) 100vw, 340px\" \/>                                                        <figcaption class=\"widget-image-caption wp-caption-text\">Ing Ind Rodolfo Da Costa\/0992 804363<\/figcaption>\n                                            <\/figure>\n                <\/div>\n        \t\t<\/div>\n\t\t\t\t<\/div>\n\t\t\t\t\t\t<\/div>\n\t\t\t\t\t<\/div>\n\t\t<\/div>\n\t\t\t\t\t\t\t\t<\/div>\n\t\t\t\t\t<\/div>\n\t\t<\/section>\n\t\t\t\t\t\t<\/div>\n\t\t\t\t\t\t<\/div>\n\t\t\t\t\t<\/div>\n\t\t","protected":false},"excerpt":{"rendered":"<p>Redefinimos la forma de amoblar tus espacios Te ofrecemos soluciones f\u00e1ciles y r\u00e1pidas. Somos una empresa dedicada a solucionar la necesidad de equipamiento inmediato. Contamos con el respaldo y garant\u00eda de LEGALION, empresa con m\u00e1s de 50 a\u00f1os de exitosa trayectoria en el mercado nacional. Arq Bettina Sosa de Da Costa\/0992817332 Ing Com Albert Da &hellip; <\/p>\n<p class=\"link-more\"><a href=\"https:\/\/decorent.com.py\/index.php\/quienessomos\/\" class=\"more-link\">Read More <span class=\"screen-reader-text\"> &#8220;Quienes somos&#8221;<\/span><\/a><\/p>\n","protected":false},"author":1,"featured_media":0,"parent":0,"menu_order":0,"comment_status":"closed","ping_status":"closed","template":"","meta":{"footnotes":""},"class_list":["post-4944","page","type-page","status-publish","hentry"],"_links":{"self":[{"href":"https:\/\/decorent.com.py\/index.php\/wp-json\/wp\/v2\/pages\/4944","targetHints":{"allow":["GET"]}}],"collection":[{"href":"https:\/\/decorent.com.py\/index.php\/wp-json\/wp\/v2\/pages"}],"about":[{"href":"https:\/\/decorent.com.py\/index.php\/wp-json\/wp\/v2\/types\/page"}],"author":[{"embeddable":true,"href":"https:\/\/decorent.com.py\/index.php\/wp-json\/wp\/v2\/users\/1"}],"replies":[{"embeddable":true,"href":"https:\/\/decorent.com.py\/index.php\/wp-json\/wp\/v2\/comments?post=4944"}],"version-history":[{"count":5,"href":"https:\/\/decorent.com.py\/index.php\/wp-json\/wp\/v2\/pages\/4944\/revisions"}],"predecessor-version":[{"id":4955,"href":"https:\/\/decorent.com.py\/index.php\/wp-json\/wp\/v2\/pages\/4944\/revisions\/4955"}],"wp:attachment":[{"href":"https:\/\/decorent.com.py\/index.php\/wp-json\/wp\/v2\/media?parent=4944"}],"curies":[{"name":"wp","href":"https:\/\/api.w.org\/{rel}","templated":true}]}}