{"id":5135,"date":"2021-04-12T15:07:22","date_gmt":"2021-04-12T15:07:22","guid":{"rendered":"https:\/\/decorent.com.py\/index.php\/product\/guinazu\/"},"modified":"2021-04-21T11:14:49","modified_gmt":"2021-04-21T11:14:49","slug":"guinazu","status":"publish","type":"product","link":"https:\/\/decorent.com.py\/index.php\/product\/guinazu\/","title":{"rendered":"GUI\u00d1AZ\u00da"},"content":{"rendered":"<p>Dormitorio mod Gui\u00f1azu compuesto de : * 2 Cabeceras tapizadas en gamuza chocola- te tipo boton\u00e8 * 1 Mesita de luz * 2 Somier de 1,00 x 1,90 * 2 Veladores<\/p>\n","protected":false},"excerpt":{"rendered":"<p>Dormitorio mod Gui\u00f1azu compuesto de : * 2 Cabeceras tapizadas en gamuza chocola- te tipo boton\u00e8 * 1 Mesita de luz * 2 Somier de 1,00 x 1,90 * 2 Veladores<\/p>\n","protected":false},"featured_media":5496,"comment_status":"open","ping_status":"closed","template":"","meta":[],"class_list":["post-5135","product","type-product","status-publish","has-post-thumbnail","hentry","product_cat-dormitorio","product_cat-juegos-de-dormitorio"],"_links":{"self":[{"href":"https:\/\/decorent.com.py\/index.php\/wp-json\/wp\/v2\/product\/5135","targetHints":{"allow":["GET"]}}],"collection":[{"href":"https:\/\/decorent.com.py\/index.php\/wp-json\/wp\/v2\/product"}],"about":[{"href":"https:\/\/decorent.com.py\/index.php\/wp-json\/wp\/v2\/types\/product"}],"replies":[{"embeddable":true,"href":"https:\/\/decorent.com.py\/index.php\/wp-json\/wp\/v2\/comments?post=5135"}],"version-history":[{"count":1,"href":"https:\/\/decorent.com.py\/index.php\/wp-json\/wp\/v2\/product\/5135\/revisions"}],"predecessor-version":[{"id":5497,"href":"https:\/\/decorent.com.py\/index.php\/wp-json\/wp\/v2\/product\/5135\/revisions\/5497"}],"wp:featuredmedia":[{"embeddable":true,"href":"https:\/\/decorent.com.py\/index.php\/wp-json\/wp\/v2\/media\/5496"}],"wp:attachment":[{"href":"https:\/\/decorent.com.py\/index.php\/wp-json\/wp\/v2\/media?parent=5135"}],"curies":[{"name":"wp","href":"https:\/\/api.w.org\/{rel}","templated":true}]}}